{"id":2,"date":"2013-01-08T10:23:02","date_gmt":"2013-01-08T10:23:02","guid":{"rendered":"http:\/\/www.meiermueller.ch\/blog\/?page_id=2"},"modified":"2015-05-01T17:20:18","modified_gmt":"2015-05-01T16:20:18","slug":"sample-page","status":"publish","type":"page","link":"https:\/\/meiermueller.ch\/blog\/sample-page\/","title":{"rendered":"\u00dcber uns"},"content":{"rendered":"<p>Auch nach neuem Namensrecht bleibt bei uns alles beim Alten:<\/p>\n<p><strong>Frau Meier<\/strong><\/p>\n<p><a href=\"https:\/\/meiermueller.ch\/blog\/?attachment_id=63\" rel=\"attachment wp-att-63\"><img data-recalc-dims=\"1\" decoding=\"async\" class=\"alignnone size-medium wp-image-63 lazyload\" alt=\"DSC_5651\" data-src=\"https:\/\/i0.wp.com\/meiermueller.ch\/blog\/wp-content\/uploads\/2013\/01\/DSC_5651.jpg?resize=300%2C198&#038;ssl=1\" width=\"300\" height=\"198\" data-srcset=\"https:\/\/i0.wp.com\/meiermueller.ch\/blog\/wp-content\/uploads\/2013\/01\/DSC_5651.jpg?resize=300%2C198&amp;ssl=1 300w, https:\/\/i0.wp.com\/meiermueller.ch\/blog\/wp-content\/uploads\/2013\/01\/DSC_5651.jpg?resize=1024%2C678&amp;ssl=1 1024w, https:\/\/i0.wp.com\/meiermueller.ch\/blog\/wp-content\/uploads\/2013\/01\/DSC_5651.jpg?resize=452%2C300&amp;ssl=1 452w, https:\/\/i0.wp.com\/meiermueller.ch\/blog\/wp-content\/uploads\/2013\/01\/DSC_5651.jpg?w=1168&amp;ssl=1 1168w, https:\/\/i0.wp.com\/meiermueller.ch\/blog\/wp-content\/uploads\/2013\/01\/DSC_5651.jpg?w=1752&amp;ssl=1 1752w\" data-sizes=\"(max-width: 300px) 100vw, 300px\" src=\"data:image\/svg+xml;base64,PHN2ZyB3aWR0aD0iMSIgaGVpZ2h0PSIxIiB4bWxucz0iaHR0cDovL3d3dy53My5vcmcvMjAwMC9zdmciPjwvc3ZnPg==\" style=\"--smush-placeholder-width: 300px; --smush-placeholder-aspect-ratio: 300\/198;\" \/><\/a><\/p>\n<p><strong>Herr M\u00fcller<\/strong><\/p>\n<p><a href=\"https:\/\/meiermueller.ch\/blog\/?attachment_id=64\" rel=\"attachment wp-att-64\"><img data-recalc-dims=\"1\" decoding=\"async\" class=\"alignnone size-medium wp-image-64 lazyload\" alt=\"try_28\" data-src=\"https:\/\/i0.wp.com\/meiermueller.ch\/blog\/wp-content\/uploads\/2013\/01\/try_28.jpg?resize=300%2C198&#038;ssl=1\" width=\"300\" height=\"198\" data-srcset=\"https:\/\/i0.wp.com\/meiermueller.ch\/blog\/wp-content\/uploads\/2013\/01\/try_28.jpg?resize=300%2C198&amp;ssl=1 300w, https:\/\/i0.wp.com\/meiermueller.ch\/blog\/wp-content\/uploads\/2013\/01\/try_28.jpg?resize=1024%2C678&amp;ssl=1 1024w, https:\/\/i0.wp.com\/meiermueller.ch\/blog\/wp-content\/uploads\/2013\/01\/try_28.jpg?resize=452%2C300&amp;ssl=1 452w, https:\/\/i0.wp.com\/meiermueller.ch\/blog\/wp-content\/uploads\/2013\/01\/try_28.jpg?w=1168&amp;ssl=1 1168w, https:\/\/i0.wp.com\/meiermueller.ch\/blog\/wp-content\/uploads\/2013\/01\/try_28.jpg?w=1752&amp;ssl=1 1752w\" data-sizes=\"(max-width: 300px) 100vw, 300px\" src=\"data:image\/svg+xml;base64,PHN2ZyB3aWR0aD0iMSIgaGVpZ2h0PSIxIiB4bWxucz0iaHR0cDovL3d3dy53My5vcmcvMjAwMC9zdmciPjwvc3ZnPg==\" style=\"--smush-placeholder-width: 300px; --smush-placeholder-aspect-ratio: 300\/198;\" \/><\/a><\/p>\n<p><strong>Meierm\u00fcllerchen<\/strong><\/p>\n<p>Kleinm\u00fc<br \/>\n<a href=\"https:\/\/i0.wp.com\/meiermueller.ch\/blog\/wp-content\/uploads\/2013\/01\/image-e1430497158161.jpg?ssl=1\"><img data-recalc-dims=\"1\" decoding=\"async\" data-src=\"https:\/\/i0.wp.com\/meiermueller.ch\/blog\/wp-content\/uploads\/2013\/01\/image-e1430497158161.jpg?resize=584%2C874&#038;ssl=1\" alt=\"image\" width=\"584\" height=\"874\" class=\"alignleft size-full wp-image-982 lazyload\" data-srcset=\"https:\/\/i0.wp.com\/meiermueller.ch\/blog\/wp-content\/uploads\/2013\/01\/image-e1430497158161.jpg?w=1080&amp;ssl=1 1080w, https:\/\/i0.wp.com\/meiermueller.ch\/blog\/wp-content\/uploads\/2013\/01\/image-e1430497158161.jpg?resize=200%2C300&amp;ssl=1 200w, https:\/\/i0.wp.com\/meiermueller.ch\/blog\/wp-content\/uploads\/2013\/01\/image-e1430497158161.jpg?resize=684%2C1024&amp;ssl=1 684w\" data-sizes=\"(max-width: 584px) 100vw, 584px\" src=\"data:image\/svg+xml;base64,PHN2ZyB3aWR0aD0iMSIgaGVpZ2h0PSIxIiB4bWxucz0iaHR0cDovL3d3dy53My5vcmcvMjAwMC9zdmciPjwvc3ZnPg==\" style=\"--smush-placeholder-width: 584px; --smush-placeholder-aspect-ratio: 584\/874;\" \/><\/a><\/p>\n<p>Kleinstm\u00fc<br \/>\n<a href=\"https:\/\/i0.wp.com\/meiermueller.ch\/blog\/wp-content\/uploads\/2013\/01\/image1.jpg?ssl=1\"><img data-recalc-dims=\"1\" decoding=\"async\" data-src=\"https:\/\/i0.wp.com\/meiermueller.ch\/blog\/wp-content\/uploads\/2013\/01\/image1.jpg?resize=584%2C874&#038;ssl=1\" alt=\"image\" width=\"584\" height=\"874\" class=\"alignleft size-full wp-image-983 lazyload\" data-srcset=\"https:\/\/i0.wp.com\/meiermueller.ch\/blog\/wp-content\/uploads\/2013\/01\/image1.jpg?w=1080&amp;ssl=1 1080w, https:\/\/i0.wp.com\/meiermueller.ch\/blog\/wp-content\/uploads\/2013\/01\/image1.jpg?resize=200%2C300&amp;ssl=1 200w, https:\/\/i0.wp.com\/meiermueller.ch\/blog\/wp-content\/uploads\/2013\/01\/image1.jpg?resize=684%2C1024&amp;ssl=1 684w\" data-sizes=\"(max-width: 584px) 100vw, 584px\" src=\"data:image\/svg+xml;base64,PHN2ZyB3aWR0aD0iMSIgaGVpZ2h0PSIxIiB4bWxucz0iaHR0cDovL3d3dy53My5vcmcvMjAwMC9zdmciPjwvc3ZnPg==\" style=\"--smush-placeholder-width: 584px; --smush-placeholder-aspect-ratio: 584\/874;\" \/><\/a><\/p>\n","protected":false},"excerpt":{"rendered":"<p>Auch nach neuem Namensrecht bleibt bei uns alles beim Alten: Frau Meier Herr M\u00fcller Meierm\u00fcllerchen Kleinm\u00fc Kleinstm\u00fc<\/p>\n","protected":false},"author":2,"featured_media":0,"parent":0,"menu_order":0,"comment_status":"open","ping_status":"closed","template":"","meta":{"jetpack_post_was_ever_published":false,"footnotes":""},"class_list":["post-2","page","type-page","status-publish","hentry"],"jetpack_sharing_enabled":true,"jetpack_shortlink":"https:\/\/wp.me\/P34MDM-2","_links":{"self":[{"href":"https:\/\/meiermueller.ch\/blog\/wp-json\/wp\/v2\/pages\/2","targetHints":{"allow":["GET"]}}],"collection":[{"href":"https:\/\/meiermueller.ch\/blog\/wp-json\/wp\/v2\/pages"}],"about":[{"href":"https:\/\/meiermueller.ch\/blog\/wp-json\/wp\/v2\/types\/page"}],"author":[{"embeddable":true,"href":"https:\/\/meiermueller.ch\/blog\/wp-json\/wp\/v2\/users\/2"}],"replies":[{"embeddable":true,"href":"https:\/\/meiermueller.ch\/blog\/wp-json\/wp\/v2\/comments?post=2"}],"version-history":[{"count":4,"href":"https:\/\/meiermueller.ch\/blog\/wp-json\/wp\/v2\/pages\/2\/revisions"}],"predecessor-version":[{"id":984,"href":"https:\/\/meiermueller.ch\/blog\/wp-json\/wp\/v2\/pages\/2\/revisions\/984"}],"wp:attachment":[{"href":"https:\/\/meiermueller.ch\/blog\/wp-json\/wp\/v2\/media?parent=2"}],"curies":[{"name":"wp","href":"https:\/\/api.w.org\/{rel}","templated":true}]}}